{"id":12,"date":"2017-11-27T21:14:31","date_gmt":"2017-11-27T20:14:31","guid":{"rendered":"http:\/\/www.publicity-tuerkheim.de\/?page_id=12"},"modified":"2021-09-04T21:16:24","modified_gmt":"2021-09-04T19:16:24","slug":"startseite","status":"publish","type":"page","link":"https:\/\/www.publicity-tuerkheim.de\/","title":{"rendered":"Startseite"},"content":{"rendered":"\t\t<div data-elementor-type=\"wp-page\" data-elementor-id=\"12\" class=\"elementor elementor-12 elementor-bc-flex-widget\">\n\t\t\t\t\t\t<section class=\"elementor-section elementor-top-section elementor-element elementor-element-703c65da elementor-section-boxed elementor-section-height-default elementor-section-height-default\" data-id=\"703c65da\" data-element_type=\"section\" data-e-type=\"section\">\n\t\t\t\t\t\t<div class=\"elementor-container elementor-column-gap-default\">\n\t\t\t\t\t<div class=\"elementor-column elementor-col-100 elementor-top-column elementor-element elementor-element-168ff393\" data-id=\"168ff393\" data-element_type=\"column\" data-e-type=\"column\">\n\t\t\t<div class=\"elementor-widget-wrap elementor-element-populated\">\n\t\t\t\t\t\t<div class=\"elementor-element elementor-element-60529481 elementor-widget elementor-widget-text-editor\" data-id=\"60529481\" data-element_type=\"widget\" data-e-type=\"widget\" data-widget_type=\"text-editor.default\">\n\t\t\t\t<div class=\"elementor-widget-container\">\n\t\t\t\t\t\t\t\t\t<header class=\"entry-header\"><h1 class=\"entry-title\"><img fetchpriority=\"high\" decoding=\"async\" class=\"alignright size-full wp-image-22\" src=\"http:\/\/www.publicity-tuerkheim.de\/wp-content\/uploads\/2017\/11\/logo_publicity.png\" alt=\"\" width=\"400\" height=\"148\" srcset=\"https:\/\/www.publicity-tuerkheim.de\/wp-content\/uploads\/2017\/11\/logo_publicity.png 400w, https:\/\/www.publicity-tuerkheim.de\/wp-content\/uploads\/2017\/11\/logo_publicity-300x111.png 300w\" sizes=\"(max-width: 400px) 100vw, 400px\" \/><\/h1><\/header><div class=\"entry-content\"><h1><span class=\"header\">Beschriftungen, Schilder und Aufkleber f\u00fcr jeden Einsatzzweck<\/span><\/h1><h2>Innen- und Au\u00dfenwerbung sind wichtig f\u00fcr Ihr Image und Ihren Bekanntheitsgrad<\/h2><p>\u00a0<\/p><p>Sprechen Sie mit uns! Wir beraten Sie gerne helfen Ihnen weiter.<\/p><\/div>\t\t\t\t\t\t\t\t<\/div>\n\t\t\t\t<\/div>\n\t\t\t\t\t<\/div>\n\t\t<\/div>\n\t\t\t\t\t<\/div>\n\t\t<\/section>\n\t\t\t\t<section class=\"elementor-section elementor-top-section elementor-element elementor-element-4efcac2 elementor-section-boxed elementor-section-height-default elementor-section-height-default\" data-id=\"4efcac2\" data-element_type=\"section\" data-e-type=\"section\">\n\t\t\t\t\t\t<div class=\"elementor-container elementor-column-gap-default\">\n\t\t\t\t\t<div class=\"elementor-column elementor-col-100 elementor-top-column elementor-element elementor-element-2fdea02\" data-id=\"2fdea02\" data-element_type=\"column\" data-e-type=\"column\">\n\t\t\t<div class=\"elementor-widget-wrap elementor-element-populated\">\n\t\t\t\t\t\t<div class=\"elementor-element elementor-element-b838ca1 elementor-arrows-position-outside elementor-pagination-position-outside elementor-widget elementor-widget-image-carousel\" data-id=\"b838ca1\" data-element_type=\"widget\" data-e-type=\"widget\" data-settings=\"{&quot;navigation&quot;:&quot;both&quot;,&quot;autoplay&quot;:&quot;yes&quot;,&quot;pause_on_hover&quot;:&quot;yes&quot;,&quot;pause_on_interaction&quot;:&quot;yes&quot;,&quot;autoplay_speed&quot;:5000,&quot;infinite&quot;:&quot;yes&quot;,&quot;speed&quot;:500}\" data-widget_type=\"image-carousel.default\">\n\t\t\t\t<div class=\"elementor-widget-container\">\n\t\t\t\t\t\t\t<div class=\"elementor-image-carousel-wrapper swiper\" role=\"region\" aria-roledescription=\"carousel\" aria-label=\"Bild Karussell\" dir=\"ltr\">\n\t\t\t<div class=\"elementor-image-carousel swiper-wrapper\" aria-live=\"off\">\n\t\t\t\t\t\t\t\t<div class=\"swiper-slide\" role=\"group\" aria-roledescription=\"slide\" aria-label=\"1 von 5\"><a data-elementor-open-lightbox=\"yes\" data-elementor-lightbox-slideshow=\"b838ca1\" data-elementor-lightbox-title=\"Publicity_Folienbeschriftung_06_simonledermann.de\" data-e-action-hash=\"#elementor-action%3Aaction%3Dlightbox%26settings%3DeyJpZCI6NjgsInVybCI6Imh0dHBzOlwvXC93d3cucHVibGljaXR5LXR1ZXJraGVpbS5kZVwvd3AtY29udGVudFwvdXBsb2Fkc1wvMjAxOFwvMDFcL1B1YmxpY2l0eV9Gb2xpZW5iZXNjaHJpZnR1bmdfMDZfc2ltb25sZWRlcm1hbm4uZGVfLmpwZyIsInNsaWRlc2hvdyI6ImI4MzhjYTEifQ%3D%3D\" href=\"https:\/\/www.publicity-tuerkheim.de\/wp-content\/uploads\/2018\/01\/Publicity_Folienbeschriftung_06_simonledermann.de_.jpg\"><figure class=\"swiper-slide-inner\"><img decoding=\"async\" class=\"swiper-slide-image\" src=\"https:\/\/www.publicity-tuerkheim.de\/wp-content\/uploads\/2018\/01\/Publicity_Folienbeschriftung_06_simonledermann.de_-169x300.jpg\" alt=\"Publicity_Folienbeschriftung_06_simonledermann.de\" \/><\/figure><\/a><\/div><div class=\"swiper-slide\" role=\"group\" aria-roledescription=\"slide\" aria-label=\"2 von 5\"><a data-elementor-open-lightbox=\"yes\" data-elementor-lightbox-slideshow=\"b838ca1\" data-elementor-lightbox-title=\"Publicity_Folienbeschriftung_05_simonledermann.de\" data-e-action-hash=\"#elementor-action%3Aaction%3Dlightbox%26settings%3DeyJpZCI6NjcsInVybCI6Imh0dHBzOlwvXC93d3cucHVibGljaXR5LXR1ZXJraGVpbS5kZVwvd3AtY29udGVudFwvdXBsb2Fkc1wvMjAxOFwvMDFcL1B1YmxpY2l0eV9Gb2xpZW5iZXNjaHJpZnR1bmdfMDVfc2ltb25sZWRlcm1hbm4uZGVfLmpwZyIsInNsaWRlc2hvdyI6ImI4MzhjYTEifQ%3D%3D\" href=\"https:\/\/www.publicity-tuerkheim.de\/wp-content\/uploads\/2018\/01\/Publicity_Folienbeschriftung_05_simonledermann.de_.jpg\"><figure class=\"swiper-slide-inner\"><img decoding=\"async\" class=\"swiper-slide-image\" src=\"https:\/\/www.publicity-tuerkheim.de\/wp-content\/uploads\/2018\/01\/Publicity_Folienbeschriftung_05_simonledermann.de_-300x168.jpg\" alt=\"Publicity_Folienbeschriftung_05_simonledermann.de\" \/><\/figure><\/a><\/div><div class=\"swiper-slide\" role=\"group\" aria-roledescription=\"slide\" aria-label=\"3 von 5\"><a data-elementor-open-lightbox=\"yes\" data-elementor-lightbox-slideshow=\"b838ca1\" data-elementor-lightbox-title=\"Publicity_Folienbeschriftung_04_simonledermann.de\" data-e-action-hash=\"#elementor-action%3Aaction%3Dlightbox%26settings%3DeyJpZCI6NjYsInVybCI6Imh0dHBzOlwvXC93d3cucHVibGljaXR5LXR1ZXJraGVpbS5kZVwvd3AtY29udGVudFwvdXBsb2Fkc1wvMjAxOFwvMDFcL1B1YmxpY2l0eV9Gb2xpZW5iZXNjaHJpZnR1bmdfMDRfc2ltb25sZWRlcm1hbm4uZGVfLmpwZyIsInNsaWRlc2hvdyI6ImI4MzhjYTEifQ%3D%3D\" href=\"https:\/\/www.publicity-tuerkheim.de\/wp-content\/uploads\/2018\/01\/Publicity_Folienbeschriftung_04_simonledermann.de_.jpg\"><figure class=\"swiper-slide-inner\"><img decoding=\"async\" class=\"swiper-slide-image\" src=\"https:\/\/www.publicity-tuerkheim.de\/wp-content\/uploads\/2018\/01\/Publicity_Folienbeschriftung_04_simonledermann.de_-282x300.jpg\" alt=\"Publicity_Folienbeschriftung_04_simonledermann.de\" \/><\/figure><\/a><\/div><div class=\"swiper-slide\" role=\"group\" aria-roledescription=\"slide\" aria-label=\"4 von 5\"><a data-elementor-open-lightbox=\"yes\" data-elementor-lightbox-slideshow=\"b838ca1\" data-elementor-lightbox-title=\"Publicity_Folienbeschriftung_03_simonledermann.de\" data-e-action-hash=\"#elementor-action%3Aaction%3Dlightbox%26settings%3DeyJpZCI6NjUsInVybCI6Imh0dHBzOlwvXC93d3cucHVibGljaXR5LXR1ZXJraGVpbS5kZVwvd3AtY29udGVudFwvdXBsb2Fkc1wvMjAxOFwvMDFcL1B1YmxpY2l0eV9Gb2xpZW5iZXNjaHJpZnR1bmdfMDNfc2ltb25sZWRlcm1hbm4uZGVfLmpwZyIsInNsaWRlc2hvdyI6ImI4MzhjYTEifQ%3D%3D\" href=\"https:\/\/www.publicity-tuerkheim.de\/wp-content\/uploads\/2018\/01\/Publicity_Folienbeschriftung_03_simonledermann.de_.jpg\"><figure class=\"swiper-slide-inner\"><img decoding=\"async\" class=\"swiper-slide-image\" src=\"https:\/\/www.publicity-tuerkheim.de\/wp-content\/uploads\/2018\/01\/Publicity_Folienbeschriftung_03_simonledermann.de_-157x300.jpg\" alt=\"Publicity_Folienbeschriftung_03_simonledermann.de\" \/><\/figure><\/a><\/div><div class=\"swiper-slide\" role=\"group\" aria-roledescription=\"slide\" aria-label=\"5 von 5\"><a data-elementor-open-lightbox=\"yes\" data-elementor-lightbox-slideshow=\"b838ca1\" data-elementor-lightbox-title=\"Publicity_Folienbeschriftung_02_simonledermann.de\" data-e-action-hash=\"#elementor-action%3Aaction%3Dlightbox%26settings%3DeyJpZCI6NjQsInVybCI6Imh0dHBzOlwvXC93d3cucHVibGljaXR5LXR1ZXJraGVpbS5kZVwvd3AtY29udGVudFwvdXBsb2Fkc1wvMjAxOFwvMDFcL1B1YmxpY2l0eV9Gb2xpZW5iZXNjaHJpZnR1bmdfMDJfc2ltb25sZWRlcm1hbm4uZGVfLmpwZyIsInNsaWRlc2hvdyI6ImI4MzhjYTEifQ%3D%3D\" href=\"https:\/\/www.publicity-tuerkheim.de\/wp-content\/uploads\/2018\/01\/Publicity_Folienbeschriftung_02_simonledermann.de_.jpg\"><figure class=\"swiper-slide-inner\"><img decoding=\"async\" class=\"swiper-slide-image\" src=\"https:\/\/www.publicity-tuerkheim.de\/wp-content\/uploads\/2018\/01\/Publicity_Folienbeschriftung_02_simonledermann.de_-159x300.jpg\" alt=\"Publicity_Folienbeschriftung_02_simonledermann.de\" \/><\/figure><\/a><\/div>\t\t\t<\/div>\n\t\t\t\t\t\t\t\t\t\t\t\t<div class=\"elementor-swiper-button elementor-swiper-button-prev\" role=\"button\" tabindex=\"0\">\n\t\t\t\t\t\t<i aria-hidden=\"true\" class=\"eicon-chevron-left\"><\/i>\t\t\t\t\t<\/div>\n\t\t\t\t\t<div class=\"elementor-swiper-button elementor-swiper-button-next\" role=\"button\" tabindex=\"0\">\n\t\t\t\t\t\t<i aria-hidden=\"true\" class=\"eicon-chevron-right\"><\/i>\t\t\t\t\t<\/div>\n\t\t\t\t\n\t\t\t\t\t\t\t\t\t<div class=\"swiper-pagination\"><\/div>\n\t\t\t\t\t\t\t\t\t<\/div>\n\t\t\t\t\t\t<\/div>\n\t\t\t\t<\/div>\n\t\t\t\t\t<\/div>\n\t\t<\/div>\n\t\t\t\t\t<\/div>\n\t\t<\/section>\n\t\t\t\t<\/div>\n\t\t","protected":false},"excerpt":{"rendered":"<p>Beschriftungen, Schilder und Aufkleber f\u00fcr jeden Einsatzzweck Innen- und Au\u00dfenwerbung sind wichtig f\u00fcr Ihr Image und Ihren Bekanntheitsgrad \u00a0 Sprechen Sie mit uns! Wir beraten Sie gerne helfen Ihnen weiter.<\/p>\n","protected":false},"author":1,"featured_media":0,"parent":0,"menu_order":0,"comment_status":"closed","ping_status":"closed","template":"","meta":{"generate_page_header":"","footnotes":""},"class_list":["post-12","page","type-page","status-publish"],"yoast_head":"<!-- This site is optimized with the Yoast SEO plugin v27.1.1 - https:\/\/yoast.com\/product\/yoast-seo-wordpress\/ -->\n<title>Startseite - Publicity Folienbeschriftung<\/title>\n<meta name=\"robots\" content=\"index, follow, max-snippet:-1, max-image-preview:large, max-video-preview:-1\" \/>\n<link rel=\"canonical\" href=\"https:\/\/www.publicity-tuerkheim.de\/\" \/>\n<meta property=\"og:locale\" content=\"de_DE\" \/>\n<meta property=\"og:type\" content=\"article\" \/>\n<meta property=\"og:title\" content=\"Startseite - Publicity Folienbeschriftung\" \/>\n<meta property=\"og:description\" content=\"Beschriftungen, Schilder und Aufkleber f\u00fcr jeden Einsatzzweck Innen- und Au\u00dfenwerbung sind wichtig f\u00fcr Ihr Image und Ihren Bekanntheitsgrad \u00a0 Sprechen Sie mit uns! Wir beraten Sie gerne helfen Ihnen weiter.\" \/>\n<meta property=\"og:url\" content=\"https:\/\/www.publicity-tuerkheim.de\/\" \/>\n<meta property=\"og:site_name\" content=\"Publicity Folienbeschriftung\" \/>\n<meta property=\"article:modified_time\" content=\"2021-09-04T19:16:24+00:00\" \/>\n<meta property=\"og:image\" content=\"http:\/\/www.publicity-tuerkheim.de\/wp-content\/uploads\/2017\/11\/logo_publicity.png\" \/>\n<meta name=\"twitter:card\" content=\"summary_large_image\" \/>\n<script type=\"application\/ld+json\" class=\"yoast-schema-graph\">{\"@context\":\"https:\/\/schema.org\",\"@graph\":[{\"@type\":\"WebPage\",\"@id\":\"https:\/\/www.publicity-tuerkheim.de\/\",\"url\":\"https:\/\/www.publicity-tuerkheim.de\/\",\"name\":\"Startseite - Publicity Folienbeschriftung\",\"isPartOf\":{\"@id\":\"https:\/\/www.publicity-tuerkheim.de\/#website\"},\"primaryImageOfPage\":{\"@id\":\"https:\/\/www.publicity-tuerkheim.de\/#primaryimage\"},\"image\":{\"@id\":\"https:\/\/www.publicity-tuerkheim.de\/#primaryimage\"},\"thumbnailUrl\":\"http:\/\/www.publicity-tuerkheim.de\/wp-content\/uploads\/2017\/11\/logo_publicity.png\",\"datePublished\":\"2017-11-27T20:14:31+00:00\",\"dateModified\":\"2021-09-04T19:16:24+00:00\",\"breadcrumb\":{\"@id\":\"https:\/\/www.publicity-tuerkheim.de\/#breadcrumb\"},\"inLanguage\":\"de\",\"potentialAction\":[{\"@type\":\"ReadAction\",\"target\":[\"https:\/\/www.publicity-tuerkheim.de\/\"]}]},{\"@type\":\"ImageObject\",\"inLanguage\":\"de\",\"@id\":\"https:\/\/www.publicity-tuerkheim.de\/#primaryimage\",\"url\":\"http:\/\/www.publicity-tuerkheim.de\/wp-content\/uploads\/2017\/11\/logo_publicity.png\",\"contentUrl\":\"http:\/\/www.publicity-tuerkheim.de\/wp-content\/uploads\/2017\/11\/logo_publicity.png\"},{\"@type\":\"BreadcrumbList\",\"@id\":\"https:\/\/www.publicity-tuerkheim.de\/#breadcrumb\",\"itemListElement\":[{\"@type\":\"ListItem\",\"position\":1,\"name\":\"Startseite\",\"item\":\"https:\/\/www.publicity-tuerkheim.de\/\"},{\"@type\":\"ListItem\",\"position\":2,\"name\":\"Startseite\"}]},{\"@type\":\"WebSite\",\"@id\":\"https:\/\/www.publicity-tuerkheim.de\/#website\",\"url\":\"https:\/\/www.publicity-tuerkheim.de\/\",\"name\":\"Publicity Folienbeschriftung\",\"description\":\" \\t   Beschriftungen, Schilder und Aufkleber f\u00fcr jeden Einsatzzweck\",\"publisher\":{\"@id\":\"https:\/\/www.publicity-tuerkheim.de\/#organization\"},\"potentialAction\":[{\"@type\":\"SearchAction\",\"target\":{\"@type\":\"EntryPoint\",\"urlTemplate\":\"https:\/\/www.publicity-tuerkheim.de\/?s={search_term_string}\"},\"query-input\":{\"@type\":\"PropertyValueSpecification\",\"valueRequired\":true,\"valueName\":\"search_term_string\"}}],\"inLanguage\":\"de\"},{\"@type\":\"Organization\",\"@id\":\"https:\/\/www.publicity-tuerkheim.de\/#organization\",\"name\":\"Publicity Folienbeschriftung\",\"url\":\"https:\/\/www.publicity-tuerkheim.de\/\",\"logo\":{\"@type\":\"ImageObject\",\"inLanguage\":\"de\",\"@id\":\"https:\/\/www.publicity-tuerkheim.de\/#\/schema\/logo\/image\/\",\"url\":\"https:\/\/www.publicity-tuerkheim.de\/wp-content\/uploads\/2017\/11\/logo_publicity2.png\",\"contentUrl\":\"https:\/\/www.publicity-tuerkheim.de\/wp-content\/uploads\/2017\/11\/logo_publicity2.png\",\"width\":400,\"height\":148,\"caption\":\"Publicity Folienbeschriftung\"},\"image\":{\"@id\":\"https:\/\/www.publicity-tuerkheim.de\/#\/schema\/logo\/image\/\"}}]}<\/script>\n<!-- \/ Yoast SEO plugin. -->","yoast_head_json":{"title":"Startseite - Publicity Folienbeschriftung","robots":{"index":"index","follow":"follow","max-snippet":"max-snippet:-1","max-image-preview":"max-image-preview:large","max-video-preview":"max-video-preview:-1"},"canonical":"https:\/\/www.publicity-tuerkheim.de\/","og_locale":"de_DE","og_type":"article","og_title":"Startseite - Publicity Folienbeschriftung","og_description":"Beschriftungen, Schilder und Aufkleber f\u00fcr jeden Einsatzzweck Innen- und Au\u00dfenwerbung sind wichtig f\u00fcr Ihr Image und Ihren Bekanntheitsgrad \u00a0 Sprechen Sie mit uns! Wir beraten Sie gerne helfen Ihnen weiter.","og_url":"https:\/\/www.publicity-tuerkheim.de\/","og_site_name":"Publicity Folienbeschriftung","article_modified_time":"2021-09-04T19:16:24+00:00","og_image":[{"url":"http:\/\/www.publicity-tuerkheim.de\/wp-content\/uploads\/2017\/11\/logo_publicity.png","type":"","width":"","height":""}],"twitter_card":"summary_large_image","schema":{"@context":"https:\/\/schema.org","@graph":[{"@type":"WebPage","@id":"https:\/\/www.publicity-tuerkheim.de\/","url":"https:\/\/www.publicity-tuerkheim.de\/","name":"Startseite - Publicity Folienbeschriftung","isPartOf":{"@id":"https:\/\/www.publicity-tuerkheim.de\/#website"},"primaryImageOfPage":{"@id":"https:\/\/www.publicity-tuerkheim.de\/#primaryimage"},"image":{"@id":"https:\/\/www.publicity-tuerkheim.de\/#primaryimage"},"thumbnailUrl":"http:\/\/www.publicity-tuerkheim.de\/wp-content\/uploads\/2017\/11\/logo_publicity.png","datePublished":"2017-11-27T20:14:31+00:00","dateModified":"2021-09-04T19:16:24+00:00","breadcrumb":{"@id":"https:\/\/www.publicity-tuerkheim.de\/#breadcrumb"},"inLanguage":"de","potentialAction":[{"@type":"ReadAction","target":["https:\/\/www.publicity-tuerkheim.de\/"]}]},{"@type":"ImageObject","inLanguage":"de","@id":"https:\/\/www.publicity-tuerkheim.de\/#primaryimage","url":"http:\/\/www.publicity-tuerkheim.de\/wp-content\/uploads\/2017\/11\/logo_publicity.png","contentUrl":"http:\/\/www.publicity-tuerkheim.de\/wp-content\/uploads\/2017\/11\/logo_publicity.png"},{"@type":"BreadcrumbList","@id":"https:\/\/www.publicity-tuerkheim.de\/#breadcrumb","itemListElement":[{"@type":"ListItem","position":1,"name":"Startseite","item":"https:\/\/www.publicity-tuerkheim.de\/"},{"@type":"ListItem","position":2,"name":"Startseite"}]},{"@type":"WebSite","@id":"https:\/\/www.publicity-tuerkheim.de\/#website","url":"https:\/\/www.publicity-tuerkheim.de\/","name":"Publicity Folienbeschriftung","description":" \t   Beschriftungen, Schilder und Aufkleber f\u00fcr jeden Einsatzzweck","publisher":{"@id":"https:\/\/www.publicity-tuerkheim.de\/#organization"},"potentialAction":[{"@type":"SearchAction","target":{"@type":"EntryPoint","urlTemplate":"https:\/\/www.publicity-tuerkheim.de\/?s={search_term_string}"},"query-input":{"@type":"PropertyValueSpecification","valueRequired":true,"valueName":"search_term_string"}}],"inLanguage":"de"},{"@type":"Organization","@id":"https:\/\/www.publicity-tuerkheim.de\/#organization","name":"Publicity Folienbeschriftung","url":"https:\/\/www.publicity-tuerkheim.de\/","logo":{"@type":"ImageObject","inLanguage":"de","@id":"https:\/\/www.publicity-tuerkheim.de\/#\/schema\/logo\/image\/","url":"https:\/\/www.publicity-tuerkheim.de\/wp-content\/uploads\/2017\/11\/logo_publicity2.png","contentUrl":"https:\/\/www.publicity-tuerkheim.de\/wp-content\/uploads\/2017\/11\/logo_publicity2.png","width":400,"height":148,"caption":"Publicity Folienbeschriftung"},"image":{"@id":"https:\/\/www.publicity-tuerkheim.de\/#\/schema\/logo\/image\/"}}]}},"_links":{"self":[{"href":"https:\/\/www.publicity-tuerkheim.de\/index.php\/wp-json\/wp\/v2\/pages\/12","targetHints":{"allow":["GET"]}}],"collection":[{"href":"https:\/\/www.publicity-tuerkheim.de\/index.php\/wp-json\/wp\/v2\/pages"}],"about":[{"href":"https:\/\/www.publicity-tuerkheim.de\/index.php\/wp-json\/wp\/v2\/types\/page"}],"author":[{"embeddable":true,"href":"https:\/\/www.publicity-tuerkheim.de\/index.php\/wp-json\/wp\/v2\/users\/1"}],"replies":[{"embeddable":true,"href":"https:\/\/www.publicity-tuerkheim.de\/index.php\/wp-json\/wp\/v2\/comments?post=12"}],"version-history":[{"count":7,"href":"https:\/\/www.publicity-tuerkheim.de\/index.php\/wp-json\/wp\/v2\/pages\/12\/revisions"}],"predecessor-version":[{"id":78,"href":"https:\/\/www.publicity-tuerkheim.de\/index.php\/wp-json\/wp\/v2\/pages\/12\/revisions\/78"}],"wp:attachment":[{"href":"https:\/\/www.publicity-tuerkheim.de\/index.php\/wp-json\/wp\/v2\/media?parent=12"}],"curies":[{"name":"wp","href":"https:\/\/api.w.org\/{rel}","templated":true}]}}